{"id":10223,"date":"2022-12-07T10:15:41","date_gmt":"2022-12-07T10:15:41","guid":{"rendered":"https:\/\/hotelanjodeportugal.pt\/region\/"},"modified":"2023-06-09T15:58:43","modified_gmt":"2023-06-09T15:58:43","slug":"region","status":"publish","type":"page","link":"https:\/\/hotelanjodeportugal.pt\/en\/region\/","title":{"rendered":"Region"},"content":{"rendered":"\t\t<div data-elementor-type=\"wp-page\" data-elementor-id=\"10223\" class=\"elementor elementor-10223 elementor-8447\">\n\t\t\t\t\t\t<section class=\"wd-negative-gap elementor-section elementor-top-section elementor-element elementor-element-84cfca8 elementor-section-boxed elementor-section-height-default elementor-section-height-default wd-section-disabled\" data-id=\"84cfca8\" data-element_type=\"section\">\n\t\t\t\t\t\t<div class=\"elementor-container elementor-column-gap-default\">\n\t\t\t\t\t<div class=\"elementor-column elementor-col-100 elementor-top-column elementor-element elementor-element-53ece98\" data-id=\"53ece98\" data-element_type=\"column\">\n\t\t\t<div class=\"elementor-widget-wrap elementor-element-populated\">\n\t\t\t\t\t\t<div class=\"elementor-element elementor-element-64e30c09 wd-animation-slide-from-bottom wd-animation-normal wd_delay_100 elementor-widget elementor-widget-wd_title\" data-id=\"64e30c09\" data-element_type=\"widget\" data-widget_type=\"wd_title.default\">\n\t\t\t\t<div class=\"elementor-widget-container\">\n\t\t\t\t\t<div class=\"title-wrapper set-mb-s reset-last-child wd-title-color-black wd-title-style-default wd-title-size-extra-large text-center\">\n\n\t\t\t\n\t\t\t<div class=\"liner-continer\">\n\t\t\t\t<h4 class=\"woodmart-title-container title wd-fontsize-xxxl\">At the center of everything...<\/h4> \n\t\t\t\t\t\t\t<\/div>\n\n\t\t\t\t\t\t\t<div class=\"title-after_title set-cont-mb-s reset-last-child wd-fontsize-s\">\n\t\t\t\t\tIt is difficult to find a region in central Portugal with such a rich diversity of natural, historical, religious or cultural heritage as you find within a 50 km radius. Make your stay at Hotel Anjo de Portugal the starting point to discover the center of Portugal.\t\t\t\t<\/div>\n\t\t\t\t\t<\/div>\n\t\t\t\t<\/div>\n\t\t\t\t<\/div>\n\t\t\t\t\t<\/div>\n\t\t<\/div>\n\t\t\t\t\t<\/div>\n\t\t<\/section>\n\t\t\t\t<section class=\"wd-negative-gap elementor-section elementor-top-section elementor-element elementor-element-5cb75be8 elementor-section-content-middle wd-section-stretch-content elementor-section-boxed elementor-section-height-default elementor-section-height-default\" data-id=\"5cb75be8\" data-element_type=\"section\">\n\t\t\t\t\t\t<div class=\"elementor-container elementor-column-gap-no\">\n\t\t\t\t\t<div class=\"elementor-column elementor-col-50 elementor-top-column elementor-element elementor-element-7f0f4a91\" data-id=\"7f0f4a91\" data-element_type=\"column\">\n\t\t\t<div class=\"elementor-widget-wrap elementor-element-populated\">\n\t\t\t\t\t\t<div class=\"elementor-element elementor-element-524ec4d7 wd-animation-slide-short-from-left wd-animation-normal wd_delay_100 elementor-widget elementor-widget-wd_image_or_svg\" data-id=\"524ec4d7\" data-element_type=\"widget\" data-widget_type=\"wd_image_or_svg.default\">\n\t\t\t\t<div class=\"elementor-widget-container\">\n\t\t\t\n\t\t<div class=\"wd-image text-left\">\n\t\t\t\t\t\t\t\t<img decoding=\"async\" src=\"https:\/\/hotelanjodeportugal.pt\/wp-content\/uploads\/elementor\/thumbs\/fatima-q266aby0groqrvmg22wtv2w0fcsalmel9md092ywkw.webp\" title=\"fatima\" alt=\"fatima\" loading=\"lazy\" \/>\t\t\t\t\t<\/div>\n\n\t\t\t\t<\/div>\n\t\t\t\t<\/div>\n\t\t\t\t\t<\/div>\n\t\t<\/div>\n\t\t\t\t<div class=\"elementor-column elementor-col-50 elementor-top-column elementor-element elementor-element-5a1561c3\" data-id=\"5a1561c3\" data-element_type=\"column\" data-settings=\"{&quot;background_background&quot;:&quot;classic&quot;}\">\n\t\t\t<div class=\"elementor-widget-wrap elementor-element-populated\">\n\t\t\t\t\t\t<div class=\"elementor-element elementor-element-51935482 wd-animation-zoom-in wd-animation-normal wd_delay_100 elementor-widget elementor-widget-wd_title\" data-id=\"51935482\" data-element_type=\"widget\" data-widget_type=\"wd_title.default\">\n\t\t\t\t<div class=\"elementor-widget-container\">\n\t\t\t\t\t<div class=\"title-wrapper set-mb-s reset-last-child wd-title-color-black wd-title-style-default wd-title-size-extra-large text-center\">\n\n\t\t\t\n\t\t\t<div class=\"liner-continer\">\n\t\t\t\t<h4 class=\"woodmart-title-container title wd-fontsize-xxxl\">F\u00e1tima<\/h4> \n\t\t\t\t\t\t\t<\/div>\n\n\t\t\t\t\t\t\t<div class=\"title-after_title set-cont-mb-s reset-last-child wd-fontsize-s\">\n\t\t\t\t\tThe Sanctuary of Our Lady of F\u00e1tima is the city's main attraction and also one of the most visited places in our country every year. Also visit the Wax Museum and the Museum of Sacred Art and Ethnology. Just one kilometer away is the small village of Aljustrel, where the three little shepherds were born.\t\t\t\t<\/div>\n\t\t\t\t\t<\/div>\n\t\t\t\t<\/div>\n\t\t\t\t<\/div>\n\t\t\t\t\t<\/div>\n\t\t<\/div>\n\t\t\t\t\t<\/div>\n\t\t<\/section>\n\t\t\t\t<section class=\"wd-negative-gap elementor-section elementor-top-section elementor-element elementor-element-64d62316 elementor-section-content-middle wd-section-stretch-content elementor-reverse-mobile elementor-section-boxed elementor-section-height-default elementor-section-height-default\" data-id=\"64d62316\" data-element_type=\"section\">\n\t\t\t\t\t\t<div class=\"elementor-container elementor-column-gap-no\">\n\t\t\t\t\t<div class=\"elementor-column elementor-col-50 elementor-top-column elementor-element elementor-element-190c9049\" data-id=\"190c9049\" data-element_type=\"column\" data-settings=\"{&quot;background_background&quot;:&quot;classic&quot;}\">\n\t\t\t<div class=\"elementor-widget-wrap elementor-element-populated\">\n\t\t\t\t\t\t<div class=\"elementor-element elementor-element-330f9429 wd-animation-zoom-in wd-animation-normal wd_delay_100 elementor-widget elementor-widget-wd_title\" data-id=\"330f9429\" data-element_type=\"widget\" data-widget_type=\"wd_title.default\">\n\t\t\t\t<div class=\"elementor-widget-container\">\n\t\t\t\t\t<div class=\"title-wrapper set-mb-s reset-last-child wd-title-color-black wd-title-style-default wd-title-size-extra-large text-center\">\n\n\t\t\t\n\t\t\t<div class=\"liner-continer\">\n\t\t\t\t<h4 class=\"woodmart-title-container title wd-fontsize-xxxl\">Monuments<\/h4> \n\t\t\t\t\t\t\t<\/div>\n\n\t\t\t\t\t\t\t<div class=\"title-after_title set-cont-mb-s reset-last-child wd-fontsize-s\">\n\t\t\t\t\tThe region around F\u00e1tima is incredibly rich in monuments and countless places that have been protagonists in the history of Portugal. Tomar deserves a visit to its Castle and Convent of Christ. The Monasteries of Alcoba\u00e7a and Batalha are also compulsory stops. Take the opportunity to visit the imposing Our\u00e9m Castle.\t\t\t\t<\/div>\n\t\t\t\t\t<\/div>\n\t\t\t\t<\/div>\n\t\t\t\t<\/div>\n\t\t\t\t\t<\/div>\n\t\t<\/div>\n\t\t\t\t<div class=\"elementor-column elementor-col-50 elementor-top-column elementor-element elementor-element-69bc02d2\" data-id=\"69bc02d2\" data-element_type=\"column\">\n\t\t\t<div class=\"elementor-widget-wrap elementor-element-populated\">\n\t\t\t\t\t\t<div class=\"elementor-element elementor-element-3423959c wd-animation-slide-short-from-right wd-animation-normal wd_delay_100 elementor-widget elementor-widget-wd_image_or_svg\" data-id=\"3423959c\" data-element_type=\"widget\" data-widget_type=\"wd_image_or_svg.default\">\n\t\t\t\t<div class=\"elementor-widget-container\">\n\t\t\t\n\t\t<div class=\"wd-image text-left\">\n\t\t\t\t\t\t\t\t<img decoding=\"async\" src=\"https:\/\/hotelanjodeportugal.pt\/wp-content\/uploads\/elementor\/thumbs\/monumentos-q266agn7exv6dxfmamxypjpbea54o3x8y9mfngrxps.webp\" title=\"monumentos\" alt=\"monumentos\" loading=\"lazy\" \/>\t\t\t\t\t<\/div>\n\n\t\t\t\t<\/div>\n\t\t\t\t<\/div>\n\t\t\t\t\t<\/div>\n\t\t<\/div>\n\t\t\t\t\t<\/div>\n\t\t<\/section>\n\t\t\t\t<section class=\"wd-negative-gap elementor-section elementor-top-section elementor-element elementor-element-4c50dc20 elementor-section-content-middle wd-section-stretch-content elementor-section-boxed elementor-section-height-default elementor-section-height-default\" data-id=\"4c50dc20\" data-element_type=\"section\">\n\t\t\t\t\t\t<div class=\"elementor-container elementor-column-gap-no\">\n\t\t\t\t\t<div class=\"elementor-column elementor-col-50 elementor-top-column elementor-element elementor-element-60e1cacc\" data-id=\"60e1cacc\" data-element_type=\"column\">\n\t\t\t<div class=\"elementor-widget-wrap elementor-element-populated\">\n\t\t\t\t\t\t<div class=\"elementor-element elementor-element-78ed5500 wd-animation-slide-short-from-right wd-animation-normal wd_delay_100 elementor-widget elementor-widget-wd_image_or_svg\" data-id=\"78ed5500\" data-element_type=\"widget\" data-widget_type=\"wd_image_or_svg.default\">\n\t\t\t\t<div class=\"elementor-widget-container\">\n\t\t\t\n\t\t<div class=\"wd-image text-left\">\n\t\t\t\t\t\t\t\t<img decoding=\"async\" src=\"https:\/\/hotelanjodeportugal.pt\/wp-content\/uploads\/elementor\/thumbs\/praias-q266an82qs46n76287scp01jjz8p5zndb66u0ei6i8.webp\" title=\"praias\" alt=\"praias\" loading=\"lazy\" \/>\t\t\t\t\t<\/div>\n\n\t\t\t\t<\/div>\n\t\t\t\t<\/div>\n\t\t\t\t\t<\/div>\n\t\t<\/div>\n\t\t\t\t<div class=\"elementor-column elementor-col-50 elementor-top-column elementor-element elementor-element-41da4f2\" data-id=\"41da4f2\" data-element_type=\"column\" data-settings=\"{&quot;background_background&quot;:&quot;classic&quot;}\">\n\t\t\t<div class=\"elementor-widget-wrap elementor-element-populated\">\n\t\t\t\t\t\t<div class=\"elementor-element elementor-element-4aa8fa81 wd-animation-zoom-in wd-animation-normal wd_delay_100 elementor-widget elementor-widget-wd_title\" data-id=\"4aa8fa81\" data-element_type=\"widget\" data-widget_type=\"wd_title.default\">\n\t\t\t\t<div class=\"elementor-widget-container\">\n\t\t\t\t\t<div class=\"title-wrapper set-mb-s reset-last-child wd-title-color-black wd-title-style-default wd-title-size-extra-large text-center\">\n\n\t\t\t\n\t\t\t<div class=\"liner-continer\">\n\t\t\t\t<h4 class=\"woodmart-title-container title wd-fontsize-xxxl\">Beaches<\/h4> \n\t\t\t\t\t\t\t<\/div>\n\n\t\t\t\t\t\t\t<div class=\"title-after_title set-cont-mb-s reset-last-child wd-fontsize-s\">\n\t\t\t\t\tIf you love the sun and the beach, you are just 40 minutes away from one of the most famous beach destinations: Nazar\u00e9. Enjoy the immense sandy beach of Nazar\u00e9 or, if you are a surfer or body-boarder or just looking for giant waves, Praia do Norte is also worth a visit.\t\t\t\t<\/div>\n\t\t\t\t\t<\/div>\n\t\t\t\t<\/div>\n\t\t\t\t<\/div>\n\t\t\t\t\t<\/div>\n\t\t<\/div>\n\t\t\t\t\t<\/div>\n\t\t<\/section>\n\t\t\t\t<section class=\"wd-negative-gap elementor-section elementor-top-section elementor-element elementor-element-3d1929d elementor-section-content-middle wd-section-stretch-content elementor-reverse-mobile elementor-section-boxed elementor-section-height-default elementor-section-height-default\" data-id=\"3d1929d\" data-element_type=\"section\">\n\t\t\t\t\t\t<div class=\"elementor-container elementor-column-gap-no\">\n\t\t\t\t\t<div class=\"elementor-column elementor-col-50 elementor-top-column elementor-element elementor-element-ab71fec\" data-id=\"ab71fec\" data-element_type=\"column\" data-settings=\"{&quot;background_background&quot;:&quot;classic&quot;}\">\n\t\t\t<div class=\"elementor-widget-wrap elementor-element-populated\">\n\t\t\t\t\t\t<div class=\"elementor-element elementor-element-ee6540f wd-animation-zoom-in wd-animation-normal wd_delay_100 elementor-widget elementor-widget-wd_title\" data-id=\"ee6540f\" data-element_type=\"widget\" data-widget_type=\"wd_title.default\">\n\t\t\t\t<div class=\"elementor-widget-container\">\n\t\t\t\t\t<div class=\"title-wrapper set-mb-s reset-last-child wd-title-color-black wd-title-style-default wd-title-size-extra-large text-center\">\n\n\t\t\t\n\t\t\t<div class=\"liner-continer\">\n\t\t\t\t<h4 class=\"woodmart-title-container title wd-fontsize-xxxl\">Nature<\/h4> \n\t\t\t\t\t\t\t<\/div>\n\n\t\t\t\t\t\t\t<div class=\"title-after_title set-cont-mb-s reset-last-child wd-fontsize-s\">\n\t\t\t\t\tIf you enjoy contact with nature, we strongly advise you to explore the existing footpaths in the Aire and Candeeiros Mountains. Also visit the Moeda and Alvados Caves. And don't miss a visit to one of the 7 natural wonders of Portugal: the spectacular Mira d'Aire Caves.\t\t\t\t<\/div>\n\t\t\t\t\t<\/div>\n\t\t\t\t<\/div>\n\t\t\t\t<\/div>\n\t\t\t\t\t<\/div>\n\t\t<\/div>\n\t\t\t\t<div class=\"elementor-column elementor-col-50 elementor-top-column elementor-element elementor-element-c9f2471\" data-id=\"c9f2471\" data-element_type=\"column\">\n\t\t\t<div class=\"elementor-widget-wrap elementor-element-populated\">\n\t\t\t\t\t\t<div class=\"elementor-element elementor-element-e880df9 wd-animation-slide-short-from-right wd-animation-normal wd_delay_100 elementor-widget elementor-widget-wd_image_or_svg\" data-id=\"e880df9\" data-element_type=\"widget\" data-widget_type=\"wd_image_or_svg.default\">\n\t\t\t\t<div class=\"elementor-widget-container\">\n\t\t\t\n\t\t<div class=\"wd-image text-left\">\n\t\t\t\t\t\t\t\t<img decoding=\"async\" src=\"https:\/\/hotelanjodeportugal.pt\/wp-content\/uploads\/elementor\/thumbs\/natureza-q266ajgpzfz1crbiu65uf0zp6fr8b78fynkw3anr74.webp\" title=\"natureza\" alt=\"natureza\" loading=\"lazy\" \/>\t\t\t\t\t<\/div>\n\n\t\t\t\t<\/div>\n\t\t\t\t<\/div>\n\t\t\t\t\t<\/div>\n\t\t<\/div>\n\t\t\t\t\t<\/div>\n\t\t<\/section>\n\t\t\t\t<section class=\"wd-negative-gap elementor-section elementor-top-section elementor-element elementor-element-9895504 elementor-section-content-middle wd-section-stretch-content elementor-section-boxed elementor-section-height-default elementor-section-height-default\" data-id=\"9895504\" data-element_type=\"section\">\n\t\t\t\t\t\t<div class=\"elementor-container elementor-column-gap-no\">\n\t\t\t\t\t<div class=\"elementor-column elementor-col-50 elementor-top-column elementor-element elementor-element-30189ca\" data-id=\"30189ca\" data-element_type=\"column\">\n\t\t\t<div class=\"elementor-widget-wrap elementor-element-populated\">\n\t\t\t\t\t\t<div class=\"elementor-element elementor-element-737453b wd-animation-slide-short-from-right wd-animation-normal wd_delay_100 elementor-widget elementor-widget-wd_image_or_svg\" data-id=\"737453b\" data-element_type=\"widget\" data-widget_type=\"wd_image_or_svg.default\">\n\t\t\t\t<div class=\"elementor-widget-container\">\n\t\t\t\n\t\t<div class=\"wd-image text-left\">\n\t\t\t\t\t\t\t\t<img decoding=\"async\" src=\"https:\/\/hotelanjodeportugal.pt\/wp-content\/uploads\/elementor\/thumbs\/gastronomia-q266aerj19slqpiclm4pkk6e7iee8ppsa0bgowuq28.webp\" title=\"gastronomia\" alt=\"gastronomia\" loading=\"lazy\" \/>\t\t\t\t\t<\/div>\n\n\t\t\t\t<\/div>\n\t\t\t\t<\/div>\n\t\t\t\t\t<\/div>\n\t\t<\/div>\n\t\t\t\t<div class=\"elementor-column elementor-col-50 elementor-top-column elementor-element elementor-element-322e66e\" data-id=\"322e66e\" data-element_type=\"column\" data-settings=\"{&quot;background_background&quot;:&quot;classic&quot;}\">\n\t\t\t<div class=\"elementor-widget-wrap elementor-element-populated\">\n\t\t\t\t\t\t<div class=\"elementor-element elementor-element-ed59a75 wd-animation-zoom-in wd-animation-normal wd_delay_100 elementor-widget elementor-widget-wd_title\" data-id=\"ed59a75\" data-element_type=\"widget\" data-widget_type=\"wd_title.default\">\n\t\t\t\t<div class=\"elementor-widget-container\">\n\t\t\t\t\t<div class=\"title-wrapper set-mb-s reset-last-child wd-title-color-black wd-title-style-default wd-title-size-extra-large text-center\">\n\n\t\t\t\n\t\t\t<div class=\"liner-continer\">\n\t\t\t\t<h4 class=\"woodmart-title-container title wd-fontsize-xxxl\">Gastronomy<\/h4> \n\t\t\t\t\t\t\t<\/div>\n\n\t\t\t\t\t\t\t<div class=\"title-after_title set-cont-mb-s reset-last-child wd-fontsize-s\">\n\t\t\t\t\tAlso here the regional gastronomy has its typical dishes that delight those who visit us. From Sopas do Verde, to Cabbage Soups with Olive Oil, Morcelas de Arroz or Ch\u00edcharos. Also try the medieval wine of Our\u00e9m produced according to methods passed down from the Cistercian Order of Alcoba\u00e7a Monastery.\t\t\t\t<\/div>\n\t\t\t\t\t<\/div>\n\t\t\t\t<\/div>\n\t\t\t\t<\/div>\n\t\t\t\t\t<\/div>\n\t\t<\/div>\n\t\t\t\t\t<\/div>\n\t\t<\/section>\n\t\t\t\t<\/div>\n\t\t","protected":false},"excerpt":{"rendered":"<p>At the center of everything&#8230; It is difficult to find a region in central Portugal with such a rich diversity<\/p>\n","protected":false},"author":1,"featured_media":0,"parent":0,"menu_order":0,"comment_status":"closed","ping_status":"closed","template":"","meta":{"om_disable_all_campaigns":false,"_monsterinsights_skip_tracking":false,"_monsterinsights_sitenote_active":false,"_monsterinsights_sitenote_note":"","_monsterinsights_sitenote_category":0,"_uf_show_specific_survey":0,"_uf_disable_surveys":false,"footnotes":""},"class_list":["post-10223","page","type-page","status-publish","hentry"],"aioseo_notices":[],"yoast_head":"<!-- This site is optimized with the Yoast SEO plugin v26.6 - https:\/\/yoast.com\/wordpress\/plugins\/seo\/ -->\n<title>Region - Hotel Anjo de Portugal<\/title>\n<meta name=\"robots\" content=\"index, follow, max-snippet:-1, max-image-preview:large, max-video-preview:-1\" \/>\n<link rel=\"canonical\" href=\"https:\/\/hotelanjodeportugal.pt\/en\/region\/\" \/>\n<meta property=\"og:locale\" content=\"en_US\" \/>\n<meta property=\"og:type\" content=\"article\" \/>\n<meta property=\"og:title\" content=\"Region - Hotel Anjo de Portugal\" \/>\n<meta property=\"og:description\" content=\"At the center of everything&#8230; It is difficult to find a region in central Portugal with such a rich diversity\" \/>\n<meta property=\"og:url\" content=\"https:\/\/hotelanjodeportugal.pt\/en\/region\/\" \/>\n<meta property=\"og:site_name\" content=\"Hotel Anjo de Portugal\" \/>\n<meta property=\"article:publisher\" content=\"https:\/\/www.facebook.com\/hotelanjodeportugal\" \/>\n<meta property=\"article:modified_time\" content=\"2023-06-09T15:58:43+00:00\" \/>\n<meta property=\"og:image\" content=\"https:\/\/hotelanjodeportugal.pt\/wp-content\/uploads\/elementor\/thumbs\/fatima-q266aby0groqrvmg22wtv2w0fcsalmel9md092ywkw.webp\" \/>\n<meta name=\"twitter:card\" content=\"summary_large_image\" \/>\n<meta name=\"twitter:label1\" content=\"Est. reading time\" \/>\n\t<meta name=\"twitter:data1\" content=\"3 minutes\" \/>\n<script type=\"application\/ld+json\" class=\"yoast-schema-graph\">{\"@context\":\"https:\/\/schema.org\",\"@graph\":[{\"@type\":\"WebPage\",\"@id\":\"https:\/\/hotelanjodeportugal.pt\/en\/region\/\",\"url\":\"https:\/\/hotelanjodeportugal.pt\/en\/region\/\",\"name\":\"Region - Hotel Anjo de Portugal\",\"isPartOf\":{\"@id\":\"https:\/\/hotelanjodeportugal.pt\/en\/#website\"},\"primaryImageOfPage\":{\"@id\":\"https:\/\/hotelanjodeportugal.pt\/en\/region\/#primaryimage\"},\"image\":{\"@id\":\"https:\/\/hotelanjodeportugal.pt\/en\/region\/#primaryimage\"},\"thumbnailUrl\":\"https:\/\/hotelanjodeportugal.pt\/wp-content\/uploads\/elementor\/thumbs\/fatima-q266aby0groqrvmg22wtv2w0fcsalmel9md092ywkw.webp\",\"datePublished\":\"2022-12-07T10:15:41+00:00\",\"dateModified\":\"2023-06-09T15:58:43+00:00\",\"breadcrumb\":{\"@id\":\"https:\/\/hotelanjodeportugal.pt\/en\/region\/#breadcrumb\"},\"inLanguage\":\"en-US\",\"potentialAction\":[{\"@type\":\"ReadAction\",\"target\":[\"https:\/\/hotelanjodeportugal.pt\/en\/region\/\"]}]},{\"@type\":\"ImageObject\",\"inLanguage\":\"en-US\",\"@id\":\"https:\/\/hotelanjodeportugal.pt\/en\/region\/#primaryimage\",\"url\":\"https:\/\/hotelanjodeportugal.pt\/wp-content\/uploads\/elementor\/thumbs\/fatima-q266aby0groqrvmg22wtv2w0fcsalmel9md092ywkw.webp\",\"contentUrl\":\"https:\/\/hotelanjodeportugal.pt\/wp-content\/uploads\/elementor\/thumbs\/fatima-q266aby0groqrvmg22wtv2w0fcsalmel9md092ywkw.webp\"},{\"@type\":\"BreadcrumbList\",\"@id\":\"https:\/\/hotelanjodeportugal.pt\/en\/region\/#breadcrumb\",\"itemListElement\":[{\"@type\":\"ListItem\",\"position\":1,\"name\":\"In\u00edcio\",\"item\":\"https:\/\/hotelanjodeportugal.pt\/en\/\"},{\"@type\":\"ListItem\",\"position\":2,\"name\":\"Region\"}]},{\"@type\":\"WebSite\",\"@id\":\"https:\/\/hotelanjodeportugal.pt\/en\/#website\",\"url\":\"https:\/\/hotelanjodeportugal.pt\/en\/\",\"name\":\"Hotel Anjo de Portugal\",\"description\":\"\",\"publisher\":{\"@id\":\"https:\/\/hotelanjodeportugal.pt\/en\/#organization\"},\"potentialAction\":[{\"@type\":\"SearchAction\",\"target\":{\"@type\":\"EntryPoint\",\"urlTemplate\":\"https:\/\/hotelanjodeportugal.pt\/en\/?s={search_term_string}\"},\"query-input\":{\"@type\":\"PropertyValueSpecification\",\"valueRequired\":true,\"valueName\":\"search_term_string\"}}],\"inLanguage\":\"en-US\"},{\"@type\":\"Organization\",\"@id\":\"https:\/\/hotelanjodeportugal.pt\/en\/#organization\",\"name\":\"Hotel Anjo de Portugal\",\"url\":\"https:\/\/hotelanjodeportugal.pt\/en\/\",\"logo\":{\"@type\":\"ImageObject\",\"inLanguage\":\"en-US\",\"@id\":\"https:\/\/hotelanjodeportugal.pt\/en\/#\/schema\/logo\/image\/\",\"url\":\"https:\/\/hotelanjodeportugal.pt\/wp-content\/uploads\/2023\/02\/logo.svg\",\"contentUrl\":\"https:\/\/hotelanjodeportugal.pt\/wp-content\/uploads\/2023\/02\/logo.svg\",\"width\":479,\"height\":71,\"caption\":\"Hotel Anjo de Portugal\"},\"image\":{\"@id\":\"https:\/\/hotelanjodeportugal.pt\/en\/#\/schema\/logo\/image\/\"},\"sameAs\":[\"https:\/\/www.facebook.com\/hotelanjodeportugal\",\"https:\/\/www.instagram.com\/hotelanjodeportugal\"]}]}<\/script>\n<!-- \/ Yoast SEO plugin. -->","yoast_head_json":{"title":"Region - Hotel Anjo de Portugal","robots":{"index":"index","follow":"follow","max-snippet":"max-snippet:-1","max-image-preview":"max-image-preview:large","max-video-preview":"max-video-preview:-1"},"canonical":"https:\/\/hotelanjodeportugal.pt\/en\/region\/","og_locale":"en_US","og_type":"article","og_title":"Region - Hotel Anjo de Portugal","og_description":"At the center of everything&#8230; It is difficult to find a region in central Portugal with such a rich diversity","og_url":"https:\/\/hotelanjodeportugal.pt\/en\/region\/","og_site_name":"Hotel Anjo de Portugal","article_publisher":"https:\/\/www.facebook.com\/hotelanjodeportugal","article_modified_time":"2023-06-09T15:58:43+00:00","og_image":[{"url":"https:\/\/hotelanjodeportugal.pt\/wp-content\/uploads\/elementor\/thumbs\/fatima-q266aby0groqrvmg22wtv2w0fcsalmel9md092ywkw.webp","type":"","width":"","height":""}],"twitter_card":"summary_large_image","twitter_misc":{"Est. reading time":"3 minutes"},"schema":{"@context":"https:\/\/schema.org","@graph":[{"@type":"WebPage","@id":"https:\/\/hotelanjodeportugal.pt\/en\/region\/","url":"https:\/\/hotelanjodeportugal.pt\/en\/region\/","name":"Region - Hotel Anjo de Portugal","isPartOf":{"@id":"https:\/\/hotelanjodeportugal.pt\/en\/#website"},"primaryImageOfPage":{"@id":"https:\/\/hotelanjodeportugal.pt\/en\/region\/#primaryimage"},"image":{"@id":"https:\/\/hotelanjodeportugal.pt\/en\/region\/#primaryimage"},"thumbnailUrl":"https:\/\/hotelanjodeportugal.pt\/wp-content\/uploads\/elementor\/thumbs\/fatima-q266aby0groqrvmg22wtv2w0fcsalmel9md092ywkw.webp","datePublished":"2022-12-07T10:15:41+00:00","dateModified":"2023-06-09T15:58:43+00:00","breadcrumb":{"@id":"https:\/\/hotelanjodeportugal.pt\/en\/region\/#breadcrumb"},"inLanguage":"en-US","potentialAction":[{"@type":"ReadAction","target":["https:\/\/hotelanjodeportugal.pt\/en\/region\/"]}]},{"@type":"ImageObject","inLanguage":"en-US","@id":"https:\/\/hotelanjodeportugal.pt\/en\/region\/#primaryimage","url":"https:\/\/hotelanjodeportugal.pt\/wp-content\/uploads\/elementor\/thumbs\/fatima-q266aby0groqrvmg22wtv2w0fcsalmel9md092ywkw.webp","contentUrl":"https:\/\/hotelanjodeportugal.pt\/wp-content\/uploads\/elementor\/thumbs\/fatima-q266aby0groqrvmg22wtv2w0fcsalmel9md092ywkw.webp"},{"@type":"BreadcrumbList","@id":"https:\/\/hotelanjodeportugal.pt\/en\/region\/#breadcrumb","itemListElement":[{"@type":"ListItem","position":1,"name":"In\u00edcio","item":"https:\/\/hotelanjodeportugal.pt\/en\/"},{"@type":"ListItem","position":2,"name":"Region"}]},{"@type":"WebSite","@id":"https:\/\/hotelanjodeportugal.pt\/en\/#website","url":"https:\/\/hotelanjodeportugal.pt\/en\/","name":"Hotel Anjo de Portugal","description":"","publisher":{"@id":"https:\/\/hotelanjodeportugal.pt\/en\/#organization"},"potentialAction":[{"@type":"SearchAction","target":{"@type":"EntryPoint","urlTemplate":"https:\/\/hotelanjodeportugal.pt\/en\/?s={search_term_string}"},"query-input":{"@type":"PropertyValueSpecification","valueRequired":true,"valueName":"search_term_string"}}],"inLanguage":"en-US"},{"@type":"Organization","@id":"https:\/\/hotelanjodeportugal.pt\/en\/#organization","name":"Hotel Anjo de Portugal","url":"https:\/\/hotelanjodeportugal.pt\/en\/","logo":{"@type":"ImageObject","inLanguage":"en-US","@id":"https:\/\/hotelanjodeportugal.pt\/en\/#\/schema\/logo\/image\/","url":"https:\/\/hotelanjodeportugal.pt\/wp-content\/uploads\/2023\/02\/logo.svg","contentUrl":"https:\/\/hotelanjodeportugal.pt\/wp-content\/uploads\/2023\/02\/logo.svg","width":479,"height":71,"caption":"Hotel Anjo de Portugal"},"image":{"@id":"https:\/\/hotelanjodeportugal.pt\/en\/#\/schema\/logo\/image\/"},"sameAs":["https:\/\/www.facebook.com\/hotelanjodeportugal","https:\/\/www.instagram.com\/hotelanjodeportugal"]}]}},"_links":{"self":[{"href":"https:\/\/hotelanjodeportugal.pt\/en\/wp-json\/wp\/v2\/pages\/10223","targetHints":{"allow":["GET"]}}],"collection":[{"href":"https:\/\/hotelanjodeportugal.pt\/en\/wp-json\/wp\/v2\/pages"}],"about":[{"href":"https:\/\/hotelanjodeportugal.pt\/en\/wp-json\/wp\/v2\/types\/page"}],"author":[{"embeddable":true,"href":"https:\/\/hotelanjodeportugal.pt\/en\/wp-json\/wp\/v2\/users\/1"}],"replies":[{"embeddable":true,"href":"https:\/\/hotelanjodeportugal.pt\/en\/wp-json\/wp\/v2\/comments?post=10223"}],"version-history":[{"count":2,"href":"https:\/\/hotelanjodeportugal.pt\/en\/wp-json\/wp\/v2\/pages\/10223\/revisions"}],"predecessor-version":[{"id":10261,"href":"https:\/\/hotelanjodeportugal.pt\/en\/wp-json\/wp\/v2\/pages\/10223\/revisions\/10261"}],"wp:attachment":[{"href":"https:\/\/hotelanjodeportugal.pt\/en\/wp-json\/wp\/v2\/media?parent=10223"}],"curies":[{"name":"wp","href":"https:\/\/api.w.org\/{rel}","templated":true}]}}